{"id":20083,"date":"2025-08-28T20:00:16","date_gmt":"2025-08-28T13:00:16","guid":{"rendered":"https:\/\/ohuixachtayso1.com\/?product=chong-nang-red-vitamin-whoo-25ml-full-box-cty"},"modified":"2026-01-19T07:54:42","modified_gmt":"2026-01-19T00:54:42","slug":"chong-nang-red-vitamin-whoo-25ml-full-box-cty","status":"publish","type":"product","link":"https:\/\/ohuixachtayso1.com\/?product=chong-nang-red-vitamin-whoo-25ml-full-box-cty","title":{"rendered":"Kem ch\u1ed1ng n\u1eafng Vitamin \u0111\u1ecf Whoo UV Ultimate SPF50+\/ PA++++ 25ml"},"content":{"rendered":"<h2><strong>Kem ch\u1ed1ng n\u1eafng Vitamin \u0111\u1ecf Whoo UV Ultimate SPF50+\/ PA++++<\/strong><\/h2>\n<div><\/div>\n<div>Tinh ch\u1ea5t ch\u1ed1ng n\u1eafng, gi\u00fap b\u1ea3o v\u1ec7 da tr\u01b0\u1edbc t\u00e1c h\u1ea1i c\u1ee7a \u00e1nh n\u1eafng m\u1eb7t tr\u1eddi, \u0111\u1ed3ng th\u1eddi gi\u00fap c\u1ea5p \u1ea9m v\u00e0 ng\u0103n ng\u1eeba s\u1ef1 xu\u1ea5t hi\u1ec7n c\u1ee7a c\u00e1c t\u00ecnh tr\u1ea1ng l\u00e3o h\u00f3a, mang l\u1ea1i l\u00e0n da \u1ea9m m\u1ecbn. Th\u1ec3 t\u00edch th\u1ef1c: 25 ml<\/div>\n<div><\/div>\n<h3>H\u01b0\u1edbng d\u1eabn s\u1eed d\u1ee5ng:<\/h3>\n<div>Sau khi s\u1eed d\u1ee5ng c\u00e1c s\u1ea3n ph\u1ea9m d\u01b0\u1ee1ng da, l\u1ea5y m\u1ed9t l\u01b0\u1ee3ng v\u1eeba \u0111\u1ee7 thoa \u0111\u1ec1u l\u00ean m\u1eb7t v\u00e0 c\u1ed5. S\u1eed d\u1ee5ng l\u1ea1i sau 4 ti\u1ebfng \u0111\u1ec3 t\u0103ng c\u01b0\u1eddng kh\u1ea3 n\u0103ng b\u1ea3o v\u1ec7 da tr\u01b0\u1edbc t\u00e1c \u0111\u1ed9ng c\u1ee7a tia UV.<\/div>\n<div><\/div>\n<div>Th\u00e0nh ph\u1ea7n: Xem tr\u00ean bao b\u00ec<\/div>\n<div><\/div>\n<div>L\u01b0u \u00fd khi s\u1eed d\u1ee5ng: S\u1ea3n ph\u1ea9m ch\u1ec9 s\u1eed d\u1ee5ng b\u00ean ngo\u00e0i. Tr\u00e1nh \u0111\u1ec3 s\u1ea3n ph\u1ea9m ti\u1ebfp x\u00fac v\u00e0o m\u1eaft. \u0110\u1ec3 xa t\u1ea7m tay tr\u1ebb em. Tr\u00e1nh \u0111\u1ec3 s\u1ea3n ph\u1ea9m \u1edf n\u01a1i c\u00f3 nhi\u1ec7t \u0111\u1ed9 cao ho\u1eb7c qu\u00e1 th\u1ea5p v\u00e0 tr\u00e1nh \u00e1nh n\u1eafng tr\u1ef1c ti\u1ebfp c\u1ee7a m\u1eb7t tr\u1eddi.<\/div>\n<div><\/div>\n<div>S\u1ed1 l\u00f4 &amp; HSD (n\u0103m\/th\u00e1ng\/ng\u00e0y): Xem s\u1ed1 l\u00f4 v\u00e0 ng\u00e0y h\u1ebft h\u1ea1n \u0111\u01b0\u1ee3c \u0111\u1eb7t tr\u01b0\u1edbc &#8220;\uae4c\uc9c0&#8221; in tr\u00ean bao b\u00ec.<\/div>\n<div>Xu\u1ea5t x\u1ee9: H\u00e0n Qu\u1ed1c. S\u1ea3n xu\u1ea5t t\u1ea1i: LG H&amp;H Co., Ltd., 765, 2 Sunhwan-ro, Heungdeok-gu, Cheongju-si, Chungcheongbuk-do, H\u00e0n Qu\u1ed1c.<\/div>\n<div><\/div>\n<div>\u0110\u01a1n v\u1ecb ch\u1ecbu tr\u00e1ch nhi\u1ec7m nh\u1eadp kh\u1ea9u v\u00e0 \u0111\u01b0a s\u1ea3n ph\u1ea9m ra th\u1ecb tr\u01b0\u1eddng: C\u00f4ng ty TNHH M\u1ef9 Ph\u1ea9m LG VINA &#8211; KCN Nh\u01a1n Tr\u1ea1ch 2, X\u00e3 Nh\u01a1n Tr\u1ea1ch, T\u1ec9nh \u0110\u1ed3ng Nai, Vi\u1ec7t Nam &#8211; \u0110T: 0251 3560575 -Hotline: 1800 599 910<\/div>\n<div><\/div>\n<div><\/div>\n","protected":false},"excerpt":{"rendered":"<div>Kem ch\u1ed1ng n\u1eafng Vitamin \u0111\u1ecf Whoo UV Ultimate SPF50+\/ PA++++<\/div>\n<div><\/div>\n<div>Tinh ch\u1ea5t ch\u1ed1ng n\u1eafng, gi\u00fap b\u1ea3o v\u1ec7 da tr\u01b0\u1edbc t\u00e1c h\u1ea1i c\u1ee7a \u00e1nh n\u1eafng m\u1eb7t tr\u1eddi, \u0111\u1ed3ng th\u1eddi gi\u00fap c\u1ea5p \u1ea9m v\u00e0 ng\u0103n ng\u1eeba s\u1ef1 xu\u1ea5t hi\u1ec7n c\u1ee7a c\u00e1c t\u00ecnh tr\u1ea1ng l\u00e3o h\u00f3a, mang l\u1ea1i l\u00e0n da \u1ea9m m\u1ecbn. Th\u1ec3 t\u00edch th\u1ef1c: 25 ml<\/div>\n","protected":false},"featured_media":20365,"comment_status":"open","ping_status":"closed","template":"","meta":[],"yoast_head":"<!-- This site is optimized with the Yoast SEO plugin v16.7 - https:\/\/yoast.com\/wordpress\/plugins\/seo\/ -->\n<title>Kem ch\u1ed1ng n\u1eafng Vitamin \u0111\u1ecf Whoo UV Ultimate SPF50+\/ PA++++ 25ml - HU\u1ec6 NGUY\u1ec4N<\/title>\n<meta name=\"robots\" content=\"index, follow, max-snippet:-1, max-image-preview:large, max-video-preview:-1\" \/>\n<link rel=\"canonical\" href=\"https:\/\/ohuixachtayso1.com\/?product=chong-nang-red-vitamin-whoo-25ml-full-box-cty\" \/>\n<meta property=\"og:locale\" content=\"vi_VN\" \/>\n<meta property=\"og:type\" content=\"article\" \/>\n<meta property=\"og:title\" content=\"Kem ch\u1ed1ng n\u1eafng Vitamin \u0111\u1ecf Whoo UV Ultimate SPF50+\/ PA++++ 25ml - HU\u1ec6 NGUY\u1ec4N\" \/>\n<meta property=\"og:description\" content=\"Kem ch\u1ed1ng n\u1eafng Vitamin \u0111\u1ecf Whoo UV Ultimate SPF50+\/ PA++++  Tinh ch\u1ea5t ch\u1ed1ng n\u1eafng, gi\u00fap b\u1ea3o v\u1ec7 da tr\u01b0\u1edbc t\u00e1c h\u1ea1i c\u1ee7a \u00e1nh n\u1eafng m\u1eb7t tr\u1eddi, \u0111\u1ed3ng th\u1eddi gi\u00fap c\u1ea5p \u1ea9m v\u00e0 ng\u0103n ng\u1eeba s\u1ef1 xu\u1ea5t hi\u1ec7n c\u1ee7a c\u00e1c t\u00ecnh tr\u1ea1ng l\u00e3o h\u00f3a, mang l\u1ea1i l\u00e0n da \u1ea9m m\u1ecbn. Th\u1ec3 t\u00edch th\u1ef1c: 25 ml\" \/>\n<meta property=\"og:url\" content=\"https:\/\/ohuixachtayso1.com\/?product=chong-nang-red-vitamin-whoo-25ml-full-box-cty\" \/>\n<meta property=\"og:site_name\" content=\"HU\u1ec6 NGUY\u1ec4N\" \/>\n<meta property=\"article:publisher\" content=\"https:\/\/www.facebook.com\/HueNguyenkoreaLuxury\" \/>\n<meta property=\"article:modified_time\" content=\"2026-01-19T00:54:42+00:00\" \/>\n<meta property=\"og:image\" content=\"https:\/\/ohuixachtayso1.com\/wp-content\/uploads\/2025\/08\/8809949520592.png\" \/>\n\t<meta property=\"og:image:width\" content=\"747\" \/>\n\t<meta property=\"og:image:height\" content=\"747\" \/>\n<meta name=\"twitter:card\" content=\"summary_large_image\" \/>\n<meta name=\"twitter:label1\" content=\"\u01af\u1edbc t\u00ednh th\u1eddi gian \u0111\u1ecdc\" \/>\n\t<meta name=\"twitter:data1\" content=\"2 ph\u00fat\" \/>\n<script type=\"application\/ld+json\" class=\"yoast-schema-graph\">{\"@context\":\"https:\/\/schema.org\",\"@graph\":[{\"@type\":\"Organization\",\"@id\":\"https:\/\/ohuixachtayso1.com\/#organization\",\"name\":\"Hu\\u1ec7 Nguy\\u1ec5n Korea Luxury\",\"url\":\"https:\/\/ohuixachtayso1.com\/\",\"sameAs\":[\"https:\/\/www.facebook.com\/HueNguyenkoreaLuxury\"],\"logo\":{\"@type\":\"ImageObject\",\"@id\":\"https:\/\/ohuixachtayso1.com\/#logo\",\"inLanguage\":\"vi\",\"url\":\"https:\/\/ohuixachtayso1.com\/wp-content\/uploads\/2021\/01\/logo.png\",\"contentUrl\":\"https:\/\/ohuixachtayso1.com\/wp-content\/uploads\/2021\/01\/logo.png\",\"width\":521,\"height\":261,\"caption\":\"Hu\\u1ec7 Nguy\\u1ec5n Korea Luxury\"},\"image\":{\"@id\":\"https:\/\/ohuixachtayso1.com\/#logo\"}},{\"@type\":\"WebSite\",\"@id\":\"https:\/\/ohuixachtayso1.com\/#website\",\"url\":\"https:\/\/ohuixachtayso1.com\/\",\"name\":\"HU\\u1ec6 NGUY\\u1ec4N\",\"description\":\"M\\u1ef8 PH\\u1ea8M - D\\u01af\\u1ee2C M\\u1ef8 PH\\u1ea8M CH\\u00cdNH H\\u00c3NG\",\"publisher\":{\"@id\":\"https:\/\/ohuixachtayso1.com\/#organization\"},\"potentialAction\":[{\"@type\":\"SearchAction\",\"target\":{\"@type\":\"EntryPoint\",\"urlTemplate\":\"https:\/\/ohuixachtayso1.com\/?s={search_term_string}\"},\"query-input\":\"required name=search_term_string\"}],\"inLanguage\":\"vi\"},{\"@type\":\"ImageObject\",\"@id\":\"https:\/\/ohuixachtayso1.com\/?product=chong-nang-red-vitamin-whoo-25ml-full-box-cty#primaryimage\",\"inLanguage\":\"vi\",\"url\":\"https:\/\/ohuixachtayso1.com\/wp-content\/uploads\/2025\/08\/8809949520592.png\",\"contentUrl\":\"https:\/\/ohuixachtayso1.com\/wp-content\/uploads\/2025\/08\/8809949520592.png\",\"width\":747,\"height\":747},{\"@type\":\"WebPage\",\"@id\":\"https:\/\/ohuixachtayso1.com\/?product=chong-nang-red-vitamin-whoo-25ml-full-box-cty#webpage\",\"url\":\"https:\/\/ohuixachtayso1.com\/?product=chong-nang-red-vitamin-whoo-25ml-full-box-cty\",\"name\":\"Kem ch\\u1ed1ng n\\u1eafng Vitamin \\u0111\\u1ecf Whoo UV Ultimate SPF50+\/ PA++++ 25ml - HU\\u1ec6 NGUY\\u1ec4N\",\"isPartOf\":{\"@id\":\"https:\/\/ohuixachtayso1.com\/#website\"},\"primaryImageOfPage\":{\"@id\":\"https:\/\/ohuixachtayso1.com\/?product=chong-nang-red-vitamin-whoo-25ml-full-box-cty#primaryimage\"},\"datePublished\":\"2025-08-28T13:00:16+00:00\",\"dateModified\":\"2026-01-19T00:54:42+00:00\",\"breadcrumb\":{\"@id\":\"https:\/\/ohuixachtayso1.com\/?product=chong-nang-red-vitamin-whoo-25ml-full-box-cty#breadcrumb\"},\"inLanguage\":\"vi\",\"potentialAction\":[{\"@type\":\"ReadAction\",\"target\":[\"https:\/\/ohuixachtayso1.com\/?product=chong-nang-red-vitamin-whoo-25ml-full-box-cty\"]}]},{\"@type\":\"BreadcrumbList\",\"@id\":\"https:\/\/ohuixachtayso1.com\/?product=chong-nang-red-vitamin-whoo-25ml-full-box-cty#breadcrumb\",\"itemListElement\":[{\"@type\":\"ListItem\",\"position\":1,\"name\":\"Trang ch\\u1ee7\",\"item\":\"https:\/\/ohuixachtayso1.com\/\"},{\"@type\":\"ListItem\",\"position\":2,\"name\":\"Shop\",\"item\":\"https:\/\/ohuixachtayso1.com\/?page_id=7\"},{\"@type\":\"ListItem\",\"position\":3,\"name\":\"Kem ch\\u1ed1ng n\\u1eafng Vitamin \\u0111\\u1ecf Whoo UV Ultimate SPF50+\/ PA++++ 25ml\"}]}]}<\/script>\n<!-- \/ Yoast SEO plugin. -->","yoast_head_json":{"title":"Kem ch\u1ed1ng n\u1eafng Vitamin \u0111\u1ecf Whoo UV Ultimate SPF50+\/ PA++++ 25ml - HU\u1ec6 NGUY\u1ec4N","robots":{"index":"index","follow":"follow","max-snippet":"max-snippet:-1","max-image-preview":"max-image-preview:large","max-video-preview":"max-video-preview:-1"},"canonical":"https:\/\/ohuixachtayso1.com\/?product=chong-nang-red-vitamin-whoo-25ml-full-box-cty","og_locale":"vi_VN","og_type":"article","og_title":"Kem ch\u1ed1ng n\u1eafng Vitamin \u0111\u1ecf Whoo UV Ultimate SPF50+\/ PA++++ 25ml - HU\u1ec6 NGUY\u1ec4N","og_description":"Kem ch\u1ed1ng n\u1eafng Vitamin \u0111\u1ecf Whoo UV Ultimate SPF50+\/ PA++++  Tinh ch\u1ea5t ch\u1ed1ng n\u1eafng, gi\u00fap b\u1ea3o v\u1ec7 da tr\u01b0\u1edbc t\u00e1c h\u1ea1i c\u1ee7a \u00e1nh n\u1eafng m\u1eb7t tr\u1eddi, \u0111\u1ed3ng th\u1eddi gi\u00fap c\u1ea5p \u1ea9m v\u00e0 ng\u0103n ng\u1eeba s\u1ef1 xu\u1ea5t hi\u1ec7n c\u1ee7a c\u00e1c t\u00ecnh tr\u1ea1ng l\u00e3o h\u00f3a, mang l\u1ea1i l\u00e0n da \u1ea9m m\u1ecbn. Th\u1ec3 t\u00edch th\u1ef1c: 25 ml","og_url":"https:\/\/ohuixachtayso1.com\/?product=chong-nang-red-vitamin-whoo-25ml-full-box-cty","og_site_name":"HU\u1ec6 NGUY\u1ec4N","article_publisher":"https:\/\/www.facebook.com\/HueNguyenkoreaLuxury","article_modified_time":"2026-01-19T00:54:42+00:00","og_image":[{"width":747,"height":747,"filesize":576005,"url":"https:\/\/ohuixachtayso1.com\/wp-content\/uploads\/2025\/08\/8809949520592.png","path":"\/home\/pljgmdrv\/public_html\/wp-content\/uploads\/2025\/08\/8809949520592.png","size":"full","id":20365,"alt":"","pixels":558009,"type":"image\/png"}],"twitter_card":"summary_large_image","twitter_misc":{"\u01af\u1edbc t\u00ednh th\u1eddi gian \u0111\u1ecdc":"2 ph\u00fat"},"schema":{"@context":"https:\/\/schema.org","@graph":[{"@type":"Organization","@id":"https:\/\/ohuixachtayso1.com\/#organization","name":"Hu\u1ec7 Nguy\u1ec5n Korea Luxury","url":"https:\/\/ohuixachtayso1.com\/","sameAs":["https:\/\/www.facebook.com\/HueNguyenkoreaLuxury"],"logo":{"@type":"ImageObject","@id":"https:\/\/ohuixachtayso1.com\/#logo","inLanguage":"vi","url":"https:\/\/ohuixachtayso1.com\/wp-content\/uploads\/2021\/01\/logo.png","contentUrl":"https:\/\/ohuixachtayso1.com\/wp-content\/uploads\/2021\/01\/logo.png","width":521,"height":261,"caption":"Hu\u1ec7 Nguy\u1ec5n Korea Luxury"},"image":{"@id":"https:\/\/ohuixachtayso1.com\/#logo"}},{"@type":"WebSite","@id":"https:\/\/ohuixachtayso1.com\/#website","url":"https:\/\/ohuixachtayso1.com\/","name":"HU\u1ec6 NGUY\u1ec4N","description":"M\u1ef8 PH\u1ea8M - D\u01af\u1ee2C M\u1ef8 PH\u1ea8M CH\u00cdNH H\u00c3NG","publisher":{"@id":"https:\/\/ohuixachtayso1.com\/#organization"},"potentialAction":[{"@type":"SearchAction","target":{"@type":"EntryPoint","urlTemplate":"https:\/\/ohuixachtayso1.com\/?s={search_term_string}"},"query-input":"required name=search_term_string"}],"inLanguage":"vi"},{"@type":"ImageObject","@id":"https:\/\/ohuixachtayso1.com\/?product=chong-nang-red-vitamin-whoo-25ml-full-box-cty#primaryimage","inLanguage":"vi","url":"https:\/\/ohuixachtayso1.com\/wp-content\/uploads\/2025\/08\/8809949520592.png","contentUrl":"https:\/\/ohuixachtayso1.com\/wp-content\/uploads\/2025\/08\/8809949520592.png","width":747,"height":747},{"@type":"WebPage","@id":"https:\/\/ohuixachtayso1.com\/?product=chong-nang-red-vitamin-whoo-25ml-full-box-cty#webpage","url":"https:\/\/ohuixachtayso1.com\/?product=chong-nang-red-vitamin-whoo-25ml-full-box-cty","name":"Kem ch\u1ed1ng n\u1eafng Vitamin \u0111\u1ecf Whoo UV Ultimate SPF50+\/ PA++++ 25ml - HU\u1ec6 NGUY\u1ec4N","isPartOf":{"@id":"https:\/\/ohuixachtayso1.com\/#website"},"primaryImageOfPage":{"@id":"https:\/\/ohuixachtayso1.com\/?product=chong-nang-red-vitamin-whoo-25ml-full-box-cty#primaryimage"},"datePublished":"2025-08-28T13:00:16+00:00","dateModified":"2026-01-19T00:54:42+00:00","breadcrumb":{"@id":"https:\/\/ohuixachtayso1.com\/?product=chong-nang-red-vitamin-whoo-25ml-full-box-cty#breadcrumb"},"inLanguage":"vi","potentialAction":[{"@type":"ReadAction","target":["https:\/\/ohuixachtayso1.com\/?product=chong-nang-red-vitamin-whoo-25ml-full-box-cty"]}]},{"@type":"BreadcrumbList","@id":"https:\/\/ohuixachtayso1.com\/?product=chong-nang-red-vitamin-whoo-25ml-full-box-cty#breadcrumb","itemListElement":[{"@type":"ListItem","position":1,"name":"Trang ch\u1ee7","item":"https:\/\/ohuixachtayso1.com\/"},{"@type":"ListItem","position":2,"name":"Shop","item":"https:\/\/ohuixachtayso1.com\/?page_id=7"},{"@type":"ListItem","position":3,"name":"Kem ch\u1ed1ng n\u1eafng Vitamin \u0111\u1ecf Whoo UV Ultimate SPF50+\/ PA++++ 25ml"}]}]}},"_links":{"self":[{"href":"https:\/\/ohuixachtayso1.com\/index.php?rest_route=\/wp\/v2\/product\/20083"}],"collection":[{"href":"https:\/\/ohuixachtayso1.com\/index.php?rest_route=\/wp\/v2\/product"}],"about":[{"href":"https:\/\/ohuixachtayso1.com\/index.php?rest_route=\/wp\/v2\/types\/product"}],"replies":[{"embeddable":true,"href":"https:\/\/ohuixachtayso1.com\/index.php?rest_route=%2Fwp%2Fv2%2Fcomments&post=20083"}],"wp:featuredmedia":[{"embeddable":true,"href":"https:\/\/ohuixachtayso1.com\/index.php?rest_route=\/wp\/v2\/media\/20365"}],"wp:attachment":[{"href":"https:\/\/ohuixachtayso1.com\/index.php?rest_route=%2Fwp%2Fv2%2Fmedia&parent=20083"}],"curies":[{"name":"wp","href":"https:\/\/api.w.org\/{rel}","templated":true}]}}